{"id":4925,"date":"2019-02-26T12:20:47","date_gmt":"2019-02-26T12:20:47","guid":{"rendered":"https:\/\/autorentcorfu.com\/included-in-price\/"},"modified":"2025-12-08T16:00:59","modified_gmt":"2025-12-08T14:00:59","slug":"inclus-dans-le-prix","status":"publish","type":"page","link":"https:\/\/autorentcorfu.com\/fr\/inclus-dans-le-prix\/","title":{"rendered":"Inclus dans le prix"},"content":{"rendered":"<p>Services inclus gratuitement dans le prix de la location :<\/p>\n<ul>\n<li>Kilom\u00e9trage illimit\u00e9<\/li>\n<li>Un conducteur suppl\u00e9mentaire gratuit<\/li>\n<li>Un si\u00e8ge enfant gratuit<\/li>\n<li>Toutes taxes et frais inclus (TVA et taxes locales)<\/li>\n<li>Assistance routi\u00e8re 24h\/24 et 7j\/7<\/li>\n<li>Ligne d\u2019assistance 24h\/24<\/li>\n<li>R\u00e9duction de franchise en cas de collision (CDW)<\/li>\n<li>Assurance responsabilit\u00e9 civile envers les tiers<\/li>\n<li>\u0391ssurance vol<\/li>\n<li>Annulation gratuite avec remboursement int\u00e9gral<\/li>\n<li>Carte gratuite de Corfou<\/li>\n<li>Modification de r\u00e9servation gratuite<\/li>\n<li>Livraison gratuite \u00e0 l\u2019a\u00e9roport \/ au port<\/li>\n<\/ul>\n","protected":false},"excerpt":{"rendered":"<p>Services inclus gratuitement dans le prix de la location : Kilom\u00e9trage illimit\u00e9 Un conducteur suppl\u00e9mentaire gratuit Un si\u00e8ge enfant gratuit Toutes taxes et frais inclus (TVA et taxes locales) Assistance routi\u00e8re 24h\/24 et 7j\/7 Ligne d\u2019assistance 24h\/24 R\u00e9duction de franchise en cas de collision (CDW) Assurance responsabilit\u00e9 civile envers les tiers \u0391ssurance vol Annulation gratuite [&hellip;]<\/p>\n","protected":false},"author":1,"featured_media":0,"parent":0,"menu_order":209,"comment_status":"closed","ping_status":"closed","template":"template-included.php","meta":{"_acf_changed":false,"footnotes":""},"class_list":["post-4925","page","type-page","status-publish","hentry"],"acf":[],"_links":{"self":[{"href":"https:\/\/autorentcorfu.com\/fr\/wp-json\/wp\/v2\/pages\/4925","targetHints":{"allow":["GET"]}}],"collection":[{"href":"https:\/\/autorentcorfu.com\/fr\/wp-json\/wp\/v2\/pages"}],"about":[{"href":"https:\/\/autorentcorfu.com\/fr\/wp-json\/wp\/v2\/types\/page"}],"author":[{"embeddable":true,"href":"https:\/\/autorentcorfu.com\/fr\/wp-json\/wp\/v2\/users\/1"}],"replies":[{"embeddable":true,"href":"https:\/\/autorentcorfu.com\/fr\/wp-json\/wp\/v2\/comments?post=4925"}],"version-history":[{"count":7,"href":"https:\/\/autorentcorfu.com\/fr\/wp-json\/wp\/v2\/pages\/4925\/revisions"}],"predecessor-version":[{"id":6085,"href":"https:\/\/autorentcorfu.com\/fr\/wp-json\/wp\/v2\/pages\/4925\/revisions\/6085"}],"wp:attachment":[{"href":"https:\/\/autorentcorfu.com\/fr\/wp-json\/wp\/v2\/media?parent=4925"}],"curies":[{"name":"wp","href":"https:\/\/api.w.org\/{rel}","templated":true}]}}