{"id":4927,"date":"2019-02-26T12:20:47","date_gmt":"2019-02-26T12:20:47","guid":{"rendered":"https:\/\/autorentcorfu.com\/included-in-price\/"},"modified":"2025-12-17T16:31:38","modified_gmt":"2025-12-17T14:31:38","slug":"incluido-en-el-precio","status":"publish","type":"page","link":"https:\/\/autorentcorfu.com\/es\/incluido-en-el-precio\/","title":{"rendered":"Incluido en el precio"},"content":{"rendered":"<p>Los servicios que est\u00e1n incluidos en el precio de alquiler o se ofrecen de forma gratuita son los siguientes:<\/p>\n<ul>\n<li>Kilometraje ilimitado<\/li>\n<li>Conductor adicional<\/li>\n<li>Asientos para beb\u00e9 gratuitos<\/li>\n<li>Todos los impuestos y tarifas (IVA e impuestos locales)<\/li>\n<li>Asistencia en carretera 24\/7<\/li>\n<li>L\u00ednea de asistencia 24\/7<\/li>\n<li>Exenci\u00f3n de Da\u00f1os por Colisi\u00f3n (CDW)<\/li>\n<li>Seguro a Terceros<\/li>\n<li>Seguro contra robo<\/li>\n<li>Cancelaci\u00f3n gratuita con reembolso completo<\/li>\n<li>Mapa gratuito de Corf\u00fa<\/li>\n<li>Modificaci\u00f3n gratuita de la reserva<\/li>\n<li>Entrega gratuita en Aeropuerto\/Puerto<\/li>\n<\/ul>\n","protected":false},"excerpt":{"rendered":"<p>Los servicios que est\u00e1n incluidos en el precio de alquiler o se ofrecen de forma gratuita son los siguientes: Kilometraje ilimitado Conductor adicional Asientos para beb\u00e9 gratuitos Todos los impuestos y tarifas (IVA e impuestos locales) Asistencia en carretera 24\/7 L\u00ednea de asistencia 24\/7 Exenci\u00f3n de Da\u00f1os por Colisi\u00f3n (CDW) Seguro a Terceros Seguro contra [&hellip;]<\/p>\n","protected":false},"author":1,"featured_media":0,"parent":0,"menu_order":207,"comment_status":"closed","ping_status":"closed","template":"template-included.php","meta":{"_acf_changed":false,"footnotes":""},"class_list":["post-4927","page","type-page","status-publish","hentry"],"acf":[],"_links":{"self":[{"href":"https:\/\/autorentcorfu.com\/es\/wp-json\/wp\/v2\/pages\/4927","targetHints":{"allow":["GET"]}}],"collection":[{"href":"https:\/\/autorentcorfu.com\/es\/wp-json\/wp\/v2\/pages"}],"about":[{"href":"https:\/\/autorentcorfu.com\/es\/wp-json\/wp\/v2\/types\/page"}],"author":[{"embeddable":true,"href":"https:\/\/autorentcorfu.com\/es\/wp-json\/wp\/v2\/users\/1"}],"replies":[{"embeddable":true,"href":"https:\/\/autorentcorfu.com\/es\/wp-json\/wp\/v2\/comments?post=4927"}],"version-history":[{"count":3,"href":"https:\/\/autorentcorfu.com\/es\/wp-json\/wp\/v2\/pages\/4927\/revisions"}],"predecessor-version":[{"id":6332,"href":"https:\/\/autorentcorfu.com\/es\/wp-json\/wp\/v2\/pages\/4927\/revisions\/6332"}],"wp:attachment":[{"href":"https:\/\/autorentcorfu.com\/es\/wp-json\/wp\/v2\/media?parent=4927"}],"curies":[{"name":"wp","href":"https:\/\/api.w.org\/{rel}","templated":true}]}}