{"id":1243,"date":"2019-02-26T12:20:32","date_gmt":"2019-02-26T12:20:32","guid":{"rendered":"https:\/\/autorentcorfu.com\/insurance\/"},"modified":"2026-03-30T09:08:18","modified_gmt":"2026-03-30T07:08:18","slug":"versicherung","status":"publish","type":"page","link":"https:\/\/autorentcorfu.com\/de\/versicherung\/","title":{"rendered":"Versicherung"},"content":{"rendered":"<p><strong>HAFTPFLICHTVERSICHERUNG (erforderlich nach griechischem Recht) <\/strong>konstelos.<\/p>\n<p>Deckungsgrenzen:<\/p>\n<p>a) Personensch\u00e4den Dritter bis zu 1.220.000 \u20ac, (ausgenommen des Fahrers des gemieteten Fahrzeugs).<br \/>\nb) Sachsch\u00e4den an Dritten bis 1.220.000 \u20ac, &#8211; einschlie\u00dflich der Insassen des gemieteten Fahrzeugs<br \/>\n(ausgenommen des Fahrers des gemieteten Fahrzeugs).<\/p>\n<p><strong>CDW (entspricht einer Vollkaskoversicherung mit verminderter Selbstbeteiligung)<\/strong><\/p>\n<p>Deckt die Haftung des Mieters f\u00fcr Sch\u00e4den am gemieteten Fahrzeug &#8211; unter der Bedingung, dass der Schaden nicht auf einen Versto\u00df gegen die Stra\u00dfenverkehrsordnung zur\u00fcckzuf\u00fchren ist, mit einer Selbstbeteiligung in H\u00f6he von:<\/p>\n<p><strong>744\u20ac<\/strong> f\u00fcr die Fahrzeuggruppen <strong>MINI ECONOMY &amp; COMPACT (A, B, C, CD, A1)<\/strong><\/p>\n<p><strong>806\u20ac<\/strong> f\u00fcr die Fahrzeuggruppen <strong>D, D1 &amp; E<\/strong><\/p>\n<p><strong>868\u20ac<\/strong> f\u00fcr die Fahrzeuggruppen <strong>Station wagon, Hybrid &amp; SUV (SW, Y, SUV 4&#215;4)<\/strong><\/p>\n<p><strong>992\u20ac<\/strong> f\u00fcr <strong> Mini Vans 7 Pl\u00e4tzen &amp; 9 Pl\u00e4tzen (R, R1)<\/strong><\/p>\n<p><strong>1860\u20ac<\/strong> f\u00fcr die Fahrzeuggruppen <strong>PREMIUM &amp; LUXURY<\/strong><\/p>\n<p><strong>Die oben genannten CDW-Geb\u00fchren enthalten 24 % MwSt.<\/strong><\/p>\n<p>CDW bietet keine Deckung f\u00fcr Sch\u00e4den, die an der Unterseite des Fahrzeugs, im Innenraum des Fahrzeugs, an Windschutzscheiben, Spiegeln, Sch\u00e4den am Autoschl\u00fcssel, an der Antenne, wegen falschem Kraftstoff, w\u00e4hrend des Transports mit der F\u00e4hre ohne vorherige schriftliche Genehmigung von Auto Rent bei der Abholung des Fahrzeugs, durch h\u00f6here Gewalt, Terroranschl\u00e4gen, R\u00e4der und Reifen verursacht wurden.<\/p>\n<p>Wenn eine dritte Partei in einen Vorfall verwickelt ist, empfehlen wir unseren Kunden, die Polizeibeh\u00f6rden \u00fcber den Vorfall zu informieren. Im Falle eines Fahrzeugschadens oder Autodiebstahls wird dem Fahrer eine Verwaltungsgeb\u00fchr (D.A.F.) in H\u00f6he von 45,00\u20ac inkl. MwSt. in Rechnung gestellt. Diese Geb\u00fchr gilt unabh\u00e4ngig vom Verschulden der Partei.<\/p>\n<p>Fahrzeuge, die mit verschmutztem Innenraum zur\u00fcckgegeben werden, der nicht mit normaler \/ \u00fcblicher W\u00e4sche gereinigt werden kann, werden dem Kunden f\u00fcr die biologische Reinigung des Fahrzeugs mit 85,00\u20ac zzgl. MwSt. in Rechnung gestellt. Wenn der Fahrer mit dem Fahrzeug vom offiziellen Stra\u00dfennetz abf\u00e4hrt und das Fahrzeug stillstehen bleibt, werden dem Fahrer die Kosten f\u00fcr das Abschleppen des Fahrzeugs von der Pannenhilfe in Rechnung gestellt.<\/p>\n<p><strong>Wenn der Fahrer mit dem Fahrzeug vom offiziellen Stra\u00dfennetz abf\u00e4hrt und das Fahrzeug stillstehen bleibt, werden dem Fahrer die Kosten f\u00fcr das Abschleppen des Fahrzeugs von der Pannenhilfe in Rechnung gestellt.<\/strong>.<\/p>\n<p><strong>DIEBSTAHLVERSICHERUNG (TW)<\/strong><\/p>\n<p>Die TW ist nur in der SCDW enthalten. Im Falle eines Fahrzeugschadens oder Autodiebstahls wird dem Fahrer eine Verwaltungsgeb\u00fchr (D.A.F.) in H\u00f6he von 45,00\u20ac inkl. MwSt. in Rechnung gestellt. Diese Geb\u00fchr gilt unabh\u00e4ngig vom Verschulden der Partei.<\/p>\n<p><strong>PANNENSCHUTZ<\/strong><\/p>\n<p>Kostenfrei und rund um die Uhr verf\u00fcgbar. Es wird empfohlen, sich im Falle einer erforderlichen Pannenhilfe direkt an die Niederlassung zu wenden. Wenn der Fahrer mit dem Fahrzeug vom offiziellen Stra\u00dfennetz abf\u00e4hrt und das Fahrzeug stillstehen bleibt, werden dem Fahrer die Kosten f\u00fcr das Abschleppen des Fahrzeugs von der Pannenhilfe in Rechnung gestellt.<\/p>\n<p><strong>SCDW (entspricht einer Vollkaskoversicherung ohne Selbstbeteiligung)<\/strong><\/p>\n<p>ist optional und reduziert die Selbstbeteiligung der CDW auf <strong>Null<\/strong>. &#8211; Sie deckt die Sch\u00e4den an der Unterseite des Fahrzeugs, im Inneren des Fahrzeugs &#8211; Limousine, an den Windschutzscheiben, am Spiegel, am Schl\u00fcsselschl\u00f6sser, der Antenne, durch h\u00f6here Gewalt, terroristischen Angriffen, Feuer, an den R\u00e4dern und Reifen. Diese Sch\u00e4den sind unter der Bedingung abgedeckt, dass sie nicht auf eine Verletzung der Stra\u00dfenverkehrsordnung zur\u00fcckzuf\u00fchren sind.<\/p>\n<p>Im Falle eines Fahrzeugschadens oder Autodiebstahls wird dem Fahrer eine Verwaltungsgeb\u00fchr (D.A.F.) in H\u00f6he von 45,00\u20ac inkl. MwSt. in Rechnung gestellt. Diese Geb\u00fchr gilt unabh\u00e4ngig vom Verschulden der Partei.<\/p>\n<p>Fahrzeuge, die mit verschmutztem Innenraum zur\u00fcckgegeben werden, der nicht mit normaler \/ \u00fcblicher W\u00e4sche gereinigt werden kann, werden dem Kunden f\u00fcr die biologische Reinigung des Fahrzeugs mit 105,40\u20ac zzgl. MwSt. in Rechnung gestellt.<\/p>\n<p><strong>Wenn der Fahrer mit dem Fahrzeug vom offiziellen Stra\u00dfennetz abf\u00e4hrt und das Fahrzeug stillstehen bleibt, werden dem Fahrer die Kosten f\u00fcr das Abschleppen des Fahrzeugs von der Pannenhilfe in Rechnung gestellt.<\/strong>.<\/p>\n<p>Nachstehend finden Sie die Geb\u00fchren f\u00fcr die SCDW-Versicherung<\/p>\n<p><strong>9.92\u20ac\/day<\/strong> f\u00fcr die Fahrzeuggruppen <strong>MINI ECONOMY &amp; COMPACT (A, B, C, CD, A1)<\/strong><\/p>\n<p><strong>11.16\u20ac\/day<\/strong> f\u00fcr die Fahrzeuggruppen <strong>D, D1 &amp; E<\/strong><\/p>\n<p><strong>12\u20ac\/day<\/strong> f\u00fcr die Fahrzeuggruppen <strong>Station wagon, Hybrid &amp; SUV (SW, Y, SUV 4&#215;4)<\/strong><\/p>\n<p><strong>12.50\u20ac\/day<\/strong> f\u00fcr <strong>Mini Vans 7 Pl\u00e4tzen &amp; 9 Pl\u00e4tzen (R, R1)<\/strong><\/p>\n<p><strong>18.60\u20ac\/day<\/strong> f\u00fcr die Fahrzeuggruppen <strong>PREMIUM &amp; LUXURY<\/strong><\/p>\n<p><strong>Die oben genannten Geb\u00fchren enthalten 24 % MwSt.<\/strong><\/p>\n","protected":false},"excerpt":{"rendered":"<p>HAFTPFLICHTVERSICHERUNG (erforderlich nach griechischem Recht) konstelos. Deckungsgrenzen: a) Personensch\u00e4den Dritter bis zu 1.220.000 \u20ac, (ausgenommen des Fahrers des gemieteten Fahrzeugs). b) Sachsch\u00e4den an Dritten bis 1.220.000 \u20ac, &#8211; einschlie\u00dflich der Insassen des gemieteten Fahrzeugs (ausgenommen des Fahrers des gemieteten Fahrzeugs). CDW (entspricht einer Vollkaskoversicherung mit verminderter Selbstbeteiligung) Deckt die Haftung des Mieters f\u00fcr Sch\u00e4den am [&hellip;]<\/p>\n","protected":false},"author":1,"featured_media":0,"parent":0,"menu_order":213,"comment_status":"closed","ping_status":"closed","template":"template-insurance.php","meta":{"_acf_changed":false,"footnotes":""},"class_list":["post-1243","page","type-page","status-publish","hentry"],"acf":[],"_links":{"self":[{"href":"https:\/\/autorentcorfu.com\/de\/wp-json\/wp\/v2\/pages\/1243","targetHints":{"allow":["GET"]}}],"collection":[{"href":"https:\/\/autorentcorfu.com\/de\/wp-json\/wp\/v2\/pages"}],"about":[{"href":"https:\/\/autorentcorfu.com\/de\/wp-json\/wp\/v2\/types\/page"}],"author":[{"embeddable":true,"href":"https:\/\/autorentcorfu.com\/de\/wp-json\/wp\/v2\/users\/1"}],"replies":[{"embeddable":true,"href":"https:\/\/autorentcorfu.com\/de\/wp-json\/wp\/v2\/comments?post=1243"}],"version-history":[{"count":19,"href":"https:\/\/autorentcorfu.com\/de\/wp-json\/wp\/v2\/pages\/1243\/revisions"}],"predecessor-version":[{"id":6695,"href":"https:\/\/autorentcorfu.com\/de\/wp-json\/wp\/v2\/pages\/1243\/revisions\/6695"}],"wp:attachment":[{"href":"https:\/\/autorentcorfu.com\/de\/wp-json\/wp\/v2\/media?parent=1243"}],"curies":[{"name":"wp","href":"https:\/\/api.w.org\/{rel}","templated":true}]}}